{"id":842,"date":"2015-01-15T19:46:21","date_gmt":"2015-01-15T17:46:21","guid":{"rendered":"http:\/\/transforma.edite.es\/?page_id=842"},"modified":"2026-01-04T20:21:52","modified_gmt":"2026-01-04T18:21:52","slug":"manifiesto","status":"publish","type":"page","link":"https:\/\/transforma.edite.es\/?page_id=842","title":{"rendered":"NOSOTROS"},"content":{"rendered":"<p class=\"manifiesto_container\"><a href=\"http:\/\/transforma.edite.es\/wp-content\/uploads\/2015\/01\/MANIFIESTO-ANIMADO4.gif\"><img loading=\"lazy\" class=\"aligncenter wp-image-1098\" src=\"http:\/\/transforma.edite.es\/wp-content\/uploads\/2015\/01\/MANIFIESTO-ANIMADO4.gif\" alt=\"MANIFIESTO-ANIMADO4\" width=\"600\" height=\"599\" \/><\/a><\/p>\n<div id=\"yiv0528313705yui_3_16_0_1_1421654253446_561509\" class=\"yiv0528313705\">\n<p style=\"text-align: justify;\">Todos, en un momento u otro de la vida, necesitamos\u00a0<span style=\"color: #008080;\"><strong>TRANSFORMAR<\/strong><\/span>\u00a0el espacio donde vivimos o trabajamos. Un proceso que deber\u00eda servir para disfrutar e ilusionarse muchas veces se convierte en todo lo contrario. Resulta complicado encontrar la f\u00f3rmula exacta que resuelva todas las necesidades, y al mismo tiempo permita controlar los costes y plazos del proceso.<\/p>\n<p style=\"text-align: justify;\"><span style=\"color: #008080;\"><strong>TRANSFORMA<\/strong><\/span>\u00a0es la rama espec\u00edfica de interiores de\u00a0<span style=\"color: #008080;\"><strong>EDITE REHABILITACI\u00d3N INTEGRAL\u00a0<\/strong><\/span>y nace para poner a disposici\u00f3n \u00a0de nuestros clientes las herramientas necesarias para conseguir un resultado profesional, con compromiso en plazo, en coste y con las garant\u00edas ofrecidas por la experiencia de una empresa constructora consolidada.<\/p>\n<p style=\"text-align: justify;\">Hemos estudiado todas las posibles situaciones en las que\u00a0<span style=\"color: #008080;\"><strong>TRANSFORMAR<\/strong><\/span>\u00a0tu espacio puede ayudarte a ser m\u00e1s feliz. Las ponemos a t\u00fa disposici\u00f3n para que te ayuden a identificar posibles formas de mejorar tu calidad de vida, y conocer la experiencia de otras personas que ya lo han conseguido gracias a\u00a0<span style=\"color: #008080;\"><strong>TRANSFORMA<\/strong>.<\/span><\/p>\n<p style=\"text-align: justify;\">Esperamos de esta forma poder ilusionarte. No pienses que\u00a0<span style=\"color: #008080;\"><strong>TRANSFORMAR<\/strong><\/span>\u00a0tu vida no est\u00e1 a tu alcance, ya sabes que en ocasiones\u00a0<span style=\"color: #008080;\"><strong>MENOS ES M\u00c1S<\/strong>.<\/span><\/p>\n<p style=\"text-align: justify;\">\n<\/div>\n<p><!--more--><\/p>\n","protected":false},"excerpt":{"rendered":"<p>Todos, en un momento u otro de la vida, necesitamos\u00a0TRANSFORMAR\u00a0el espacio donde vivimos o trabajamos. Un proceso que deber\u00eda servir para disfrutar e ilusionarse muchas veces se convierte en todo lo contrario. Resulta complicado encontrar la f\u00f3rmula exacta que resuelva todas las necesidades, y al mismo tiempo permita controlar los costes y plazos del proceso. [&hellip;]<\/p>\n","protected":false},"author":3,"featured_media":0,"parent":0,"menu_order":0,"comment_status":"open","ping_status":"open","template":"","meta":[],"_links":{"self":[{"href":"https:\/\/transforma.edite.es\/index.php?rest_route=\/wp\/v2\/pages\/842"}],"collection":[{"href":"https:\/\/transforma.edite.es\/index.php?rest_route=\/wp\/v2\/pages"}],"about":[{"href":"https:\/\/transforma.edite.es\/index.php?rest_route=\/wp\/v2\/types\/page"}],"author":[{"embeddable":true,"href":"https:\/\/transforma.edite.es\/index.php?rest_route=\/wp\/v2\/users\/3"}],"replies":[{"embeddable":true,"href":"https:\/\/transforma.edite.es\/index.php?rest_route=%2Fwp%2Fv2%2Fcomments&post=842"}],"version-history":[{"count":65,"href":"https:\/\/transforma.edite.es\/index.php?rest_route=\/wp\/v2\/pages\/842\/revisions"}],"predecessor-version":[{"id":1925,"href":"https:\/\/transforma.edite.es\/index.php?rest_route=\/wp\/v2\/pages\/842\/revisions\/1925"}],"wp:attachment":[{"href":"https:\/\/transforma.edite.es\/index.php?rest_route=%2Fwp%2Fv2%2Fmedia&parent=842"}],"curies":[{"name":"wp","href":"https:\/\/api.w.org\/{rel}","templated":true}]}}